{"id":46,"date":"2020-12-05T19:24:46","date_gmt":"2020-12-05T19:24:46","guid":{"rendered":"http:\/\/wps1.cc.upv.es\/plantilla_vicerrectorado\/?page_id=46"},"modified":"2026-02-25T09:02:43","modified_gmt":"2026-02-25T09:02:43","slug":"inicio","status":"publish","type":"page","link":"https:\/\/www.upv.es\/congresos\/sinerca\/","title":{"rendered":"Tem\u00e1ticas"},"content":{"rendered":"\n<figure class=\"wp-block-image size-large\"><img loading=\"lazy\" decoding=\"async\" width=\"1024\" height=\"295\" src=\"https:\/\/www.upv.es\/congresos\/sinerca\/wp-content\/uploads\/2026\/02\/Banner-2026-1-1024x295.png\" alt=\"\" class=\"wp-image-18216\" srcset=\"https:\/\/www.upv.es\/congresos\/sinerca\/wp-content\/uploads\/2026\/02\/Banner-2026-1-1024x295.png 1024w, https:\/\/www.upv.es\/congresos\/sinerca\/wp-content\/uploads\/2026\/02\/Banner-2026-1-300x86.png 300w, https:\/\/www.upv.es\/congresos\/sinerca\/wp-content\/uploads\/2026\/02\/Banner-2026-1-768x221.png 768w, https:\/\/www.upv.es\/congresos\/sinerca\/wp-content\/uploads\/2026\/02\/Banner-2026-1-1536x442.png 1536w, https:\/\/www.upv.es\/congresos\/sinerca\/wp-content\/uploads\/2026\/02\/Banner-2026-1-2048x590.png 2048w\" sizes=\"auto, (max-width: 1024px) 100vw, 1024px\" \/><\/figure>\n\n\n\n<p><strong>El 2 y 3&nbsp;de julio de 2026<\/strong>&nbsp;se celebrar\u00e1 en el <a href=\"https:\/\/www.upv.es\/entidades\/epsa\/\" target=\"_blank\" rel=\"noreferrer noopener\">Campus de Alcoy&nbsp;de la Universitat Polit\u00e8cnica de Val\u00e8ncia<\/a> el XIII Congreso I+D+i&nbsp;\u201cCreando Sinergias\u201d. En funci\u00f3n del n\u00famero de comunicaciones recibidas puede que el congreso se celebre en un \u00fanico d\u00eda.<\/p>\n\n\n<h2 class=\"has-text-align-center wp-block-post-title\">Tem\u00e1ticas<\/h2>\n\n\n<div class=\"wp-block-columns is-layout-flex wp-container-core-columns-is-layout-9d6595d7 wp-block-columns-is-layout-flex\">\n<div class=\"wp-block-column is-layout-flow wp-block-column-is-layout-flow\">\n<p style=\"background-color:#EEE;padding:10px;\">Cosm\u00e9tica y Nutrici\u00f3n<\/p>\n\n\n\n<p><p style=\"background-color:#EEE;padding:10px;\">Dise\u00f1o industrial<\/p><\/p>\n\n\n\n<p><p style=\"background-color:#EEE;padding:10px;\">Econom\u00eda y Organizaci\u00f3n de empresas<\/p><\/p>\n\n\n\n<p><p style=\"background-color:#EEE;padding:10px;\">F\u00edsica<\/p><\/p>\n\n\n\n<p><p style=\"background-color:#EEE;padding:10px;\">Matem\u00e1ticas<\/p><\/p>\n\n\n\n<p><p style=\"background-color:#EEE;padding:10px;\">Materiales<\/p><\/p>\n\n\n\n<p><p style=\"background-color:#EEE;padding:10px;\">Rob\u00f3tica<\/p><\/p>\n\n\n\n<p><p style=\"background-color:#EEE;padding:10px;\">Textil&nbsp;<\/p><\/p>\n\n\n\n<p style=\"background-color: #eee; padding: 10px;\">Bellas Artes\u00a0<\/p>\n\n\n\n<p style=\"background-color: #eee; padding: 10px;\">Docencia<\/p>\n<\/div>\n\n\n\n<div class=\"wp-block-column is-layout-flow wp-block-column-is-layout-flow\">\n<p><p style=\"background-color:#EEE;padding:10px;\">Ingenier\u00eda Qu\u00edmica y Nuclear<\/p><\/p>\n\n\n\n<p><p style=\"background-color:#EEE;padding:10px;\">Estad\u00edstica e Investigaci\u00f3n Operativa<\/p><\/p>\n\n\n\n<p><p style=\"background-color:#EEE;padding:10px;\">Electricidad<\/p><\/p>\n\n\n\n<p><p style=\"background-color:#EEE;padding:10px;\">Inform\u00e1tica<\/p><\/p>\n\n\n\n<p><p style=\"background-color:#EEE;padding:10px;\">Inteligencia Artificial<\/p><\/p>\n\n\n\n<p><p style=\"background-color:#EEE;padding:10px;\">Mec\u00e1nica<\/p><\/p>\n\n\n\n<p><p style=\"background-color:#EEE;padding:10px;\">Medicina<\/p><\/p>\n\n\n\n<p><p style=\"background-color:#EEE;padding:10px;\">Sostenibilidad y Medio Ambiente <\/p><\/p>\n\n\n\n<p><p style=\"background-color:#EEE;padding:10px;\">Otros<\/p><\/p>\n<\/div>\n<\/div>\n\n\n\n<div class=\"wp-block-group alignfull upv-blocks upv-section two\"><div class=\"wp-block-group__inner-container is-layout-flow wp-block-group-is-layout-flow\">\n<h2 class=\"wp-block-heading has-text-align-center section-title\">\u00daltimas noticias<\/h2>\n\n\n\n<p class=\"has-text-align-center section-lead\">\u00a1Echa un vistazo a las \u00faltimas noticias de nuestra web!<\/p>\n\n\n<ul class=\"wp-block-latest-posts__list is-grid columns-3 has-dates wp-block-latest-posts\"><li><div class=\"wp-block-latest-posts__featured-image aligncenter\"><a href=\"https:\/\/www.upv.es\/congresos\/sinerca\/en\/2023\/02\/21\/news\/\" aria-label=\"News 3\"><img loading=\"lazy\" decoding=\"async\" width=\"980\" height=\"648\" src=\"https:\/\/www.upv.es\/congresos\/sinerca\/wp-content\/uploads\/2022\/05\/ufasu_upv-1024x677.jpg\" class=\"attachment-large size-large wp-post-image\" alt=\"\" style=\"\" srcset=\"https:\/\/www.upv.es\/congresos\/sinerca\/wp-content\/uploads\/2022\/05\/ufasu_upv-1024x677.jpg 1024w, https:\/\/www.upv.es\/congresos\/sinerca\/wp-content\/uploads\/2022\/05\/ufasu_upv-300x198.jpg 300w, https:\/\/www.upv.es\/congresos\/sinerca\/wp-content\/uploads\/2022\/05\/ufasu_upv-768x508.jpg 768w, https:\/\/www.upv.es\/congresos\/sinerca\/wp-content\/uploads\/2022\/05\/ufasu_upv-1536x1016.jpg 1536w, https:\/\/www.upv.es\/congresos\/sinerca\/wp-content\/uploads\/2022\/05\/ufasu_upv-2048x1355.jpg 2048w\" sizes=\"auto, (max-width: 980px) 100vw, 980px\" \/><\/a><\/div><a class=\"wp-block-latest-posts__post-title\" href=\"https:\/\/www.upv.es\/congresos\/sinerca\/en\/2023\/02\/21\/news\/\">News 3<\/a><time datetime=\"2023-02-21T11:53:54+00:00\" class=\"wp-block-latest-posts__post-date\">21 de febrero de 2023<\/time><div class=\"wp-block-latest-posts__post-excerpt\">Lorem ipsum dolor sit amet, consectetur adipiscing elit. Mauris ultricies diam imperdiet risus sodales faucibus. Nullam vitae orci dui. Nullam hendrerit, metus quis commodo tristique, augue libero pellentesque ipsum,&#8230; <a class=\"wp-block-latest-posts__read-more\" href=\"https:\/\/www.upv.es\/congresos\/sinerca\/en\/2023\/02\/21\/news\/\" rel=\"noopener noreferrer\">Lee m\u00e1s<span class=\"screen-reader-text\">: News 3<\/span><\/a><\/div><\/li>\n<li><div class=\"wp-block-latest-posts__featured-image aligncenter\"><a href=\"https:\/\/www.upv.es\/congresos\/sinerca\/va\/2023\/02\/21\/noticia-3\/\" aria-label=\"Not\u00edcia 3\"><img loading=\"lazy\" decoding=\"async\" width=\"980\" height=\"648\" src=\"https:\/\/www.upv.es\/congresos\/sinerca\/wp-content\/uploads\/2022\/05\/ufasu_upv-1024x677.jpg\" class=\"attachment-large size-large wp-post-image\" alt=\"\" style=\"\" srcset=\"https:\/\/www.upv.es\/congresos\/sinerca\/wp-content\/uploads\/2022\/05\/ufasu_upv-1024x677.jpg 1024w, https:\/\/www.upv.es\/congresos\/sinerca\/wp-content\/uploads\/2022\/05\/ufasu_upv-300x198.jpg 300w, https:\/\/www.upv.es\/congresos\/sinerca\/wp-content\/uploads\/2022\/05\/ufasu_upv-768x508.jpg 768w, https:\/\/www.upv.es\/congresos\/sinerca\/wp-content\/uploads\/2022\/05\/ufasu_upv-1536x1016.jpg 1536w, https:\/\/www.upv.es\/congresos\/sinerca\/wp-content\/uploads\/2022\/05\/ufasu_upv-2048x1355.jpg 2048w\" sizes=\"auto, (max-width: 980px) 100vw, 980px\" \/><\/a><\/div><a class=\"wp-block-latest-posts__post-title\" href=\"https:\/\/www.upv.es\/congresos\/sinerca\/va\/2023\/02\/21\/noticia-3\/\">Not\u00edcia 3<\/a><time datetime=\"2023-02-21T11:53:54+00:00\" class=\"wp-block-latest-posts__post-date\">21 de febrero de 2023<\/time><div class=\"wp-block-latest-posts__post-excerpt\">Lorem ipsum dolor sit amet, consectetur adipiscing elit. Mauris ultricies diam imperdiet risus sodales faucibus. Nullam vitae orci dui. Nullam hendrerit, metus quis commodo tristique, augue allibere pellentesque ipsum,&#8230; <a class=\"wp-block-latest-posts__read-more\" href=\"https:\/\/www.upv.es\/congresos\/sinerca\/va\/2023\/02\/21\/noticia-3\/\" rel=\"noopener noreferrer\">Lee m\u00e1s<span class=\"screen-reader-text\">: Not\u00edcia 3<\/span><\/a><\/div><\/li>\n<li><div class=\"wp-block-latest-posts__featured-image aligncenter\"><a href=\"https:\/\/www.upv.es\/congresos\/sinerca\/en\/2023\/02\/21\/news-2\/\" aria-label=\"News 2\"><img loading=\"lazy\" decoding=\"async\" width=\"980\" height=\"655\" src=\"https:\/\/www.upv.es\/congresos\/sinerca\/wp-content\/uploads\/2022\/05\/deportes-2-1024x684.jpg\" class=\"attachment-large size-large wp-post-image\" alt=\"\" style=\"\" srcset=\"https:\/\/www.upv.es\/congresos\/sinerca\/wp-content\/uploads\/2022\/05\/deportes-2-1024x684.jpg 1024w, https:\/\/www.upv.es\/congresos\/sinerca\/wp-content\/uploads\/2022\/05\/deportes-2-300x200.jpg 300w, https:\/\/www.upv.es\/congresos\/sinerca\/wp-content\/uploads\/2022\/05\/deportes-2-768x513.jpg 768w, https:\/\/www.upv.es\/congresos\/sinerca\/wp-content\/uploads\/2022\/05\/deportes-2-1536x1026.jpg 1536w, https:\/\/www.upv.es\/congresos\/sinerca\/wp-content\/uploads\/2022\/05\/deportes-2-2048x1367.jpg 2048w, https:\/\/www.upv.es\/congresos\/sinerca\/wp-content\/uploads\/2022\/05\/deportes-2-980x654.jpg 980w\" sizes=\"auto, (max-width: 980px) 100vw, 980px\" \/><\/a><\/div><a class=\"wp-block-latest-posts__post-title\" href=\"https:\/\/www.upv.es\/congresos\/sinerca\/en\/2023\/02\/21\/news-2\/\">News 2<\/a><time datetime=\"2023-02-21T11:53:25+00:00\" class=\"wp-block-latest-posts__post-date\">21 de febrero de 2023<\/time><div class=\"wp-block-latest-posts__post-excerpt\">Lorem ipsum dolor sit amet, consectetur adipiscing elit. Mauris ultricies diam imperdiet risus sodales faucibus. Nullam vitae orci dui. Nullam hendrerit, metus quis commodo tristique, augue libero pellentesque ipsum,&#8230; <a class=\"wp-block-latest-posts__read-more\" href=\"https:\/\/www.upv.es\/congresos\/sinerca\/en\/2023\/02\/21\/news-2\/\" rel=\"noopener noreferrer\">Lee m\u00e1s<span class=\"screen-reader-text\">: News 2<\/span><\/a><\/div><\/li>\n<\/ul>\n\n\n<div class=\"wp-block-buttons is-horizontal is-content-justification-center is-layout-flex wp-container-core-buttons-is-layout-499968f5 wp-block-buttons-is-layout-flex\">\n<div class=\"wp-block-button\"><a class=\"wp-block-button__link wp-element-button\" href=\"https:\/\/www.upv.es\/congresos\/sinerca\/noticias\/\">Ver todas<\/a><\/div>\n<\/div>\n<\/div><\/div>\n\n\n\n<h2 class=\"wp-block-heading has-text-align-center\">Patrocinadores<\/h2>\n\n\n\n<div class=\"wp-block-group is-nowrap is-layout-flex wp-container-core-group-is-layout-ad2f72ca wp-block-group-is-layout-flex\">\n<figure class=\"wp-block-image size-full is-resized\"><img loading=\"lazy\" decoding=\"async\" width=\"799\" height=\"222\" src=\"https:\/\/www.upv.es\/congresos\/sinerca\/wp-content\/uploads\/2025\/06\/Catedra-industria-digital-2.png\" alt=\"\" class=\"wp-image-17935\" style=\"width:435px;height:auto\" srcset=\"https:\/\/www.upv.es\/congresos\/sinerca\/wp-content\/uploads\/2025\/06\/Catedra-industria-digital-2.png 799w, https:\/\/www.upv.es\/congresos\/sinerca\/wp-content\/uploads\/2025\/06\/Catedra-industria-digital-2-300x83.png 300w, https:\/\/www.upv.es\/congresos\/sinerca\/wp-content\/uploads\/2025\/06\/Catedra-industria-digital-2-768x213.png 768w\" sizes=\"auto, (max-width: 799px) 100vw, 799px\" \/><\/figure>\n<\/div>\n","protected":false},"excerpt":{"rendered":"<p>El 2 y 3&nbsp;de julio de 2026&nbsp;se celebrar\u00e1 en el Campus de Alcoy&nbsp;de la Universitat Polit\u00e8cnica de Val\u00e8ncia el XIII Congreso I+D+i&nbsp;\u201cCreando Sinergias\u201d. En funci\u00f3n del n\u00famero de comunicaciones recibidas puede que el congreso se celebre en un \u00fanico d\u00eda. [&hellip;]<\/p>\n","protected":false},"author":1,"featured_media":17206,"parent":0,"menu_order":12,"comment_status":"closed","ping_status":"closed","template":"","meta":{"footnotes":""},"wf_page_folders":[],"class_list":["post-46","page","type-page","status-publish","has-post-thumbnail","hentry"],"_links":{"self":[{"href":"https:\/\/www.upv.es\/congresos\/sinerca\/wp-json\/wp\/v2\/pages\/46","targetHints":{"allow":["GET"]}}],"collection":[{"href":"https:\/\/www.upv.es\/congresos\/sinerca\/wp-json\/wp\/v2\/pages"}],"about":[{"href":"https:\/\/www.upv.es\/congresos\/sinerca\/wp-json\/wp\/v2\/types\/page"}],"author":[{"embeddable":true,"href":"https:\/\/www.upv.es\/congresos\/sinerca\/wp-json\/wp\/v2\/users\/1"}],"replies":[{"embeddable":true,"href":"https:\/\/www.upv.es\/congresos\/sinerca\/wp-json\/wp\/v2\/comments?post=46"}],"version-history":[{"count":62,"href":"https:\/\/www.upv.es\/congresos\/sinerca\/wp-json\/wp\/v2\/pages\/46\/revisions"}],"predecessor-version":[{"id":18217,"href":"https:\/\/www.upv.es\/congresos\/sinerca\/wp-json\/wp\/v2\/pages\/46\/revisions\/18217"}],"wp:featuredmedia":[{"embeddable":true,"href":"https:\/\/www.upv.es\/congresos\/sinerca\/wp-json\/wp\/v2\/media\/17206"}],"wp:attachment":[{"href":"https:\/\/www.upv.es\/congresos\/sinerca\/wp-json\/wp\/v2\/media?parent=46"}],"wp:term":[{"taxonomy":"wf_page_folders","embeddable":true,"href":"https:\/\/www.upv.es\/congresos\/sinerca\/wp-json\/wp\/v2\/wf_page_folders?post=46"}],"curies":[{"name":"wp","href":"https:\/\/api.w.org\/{rel}","templated":true}]}}