{"id":17671,"date":"2025-04-09T11:30:15","date_gmt":"2025-04-09T11:30:15","guid":{"rendered":"https:\/\/www.upv.es\/congresos\/sinerca\/?page_id=17671"},"modified":"2025-05-21T17:50:53","modified_gmt":"2025-05-21T17:50:53","slug":"como-llegar-y-alojamiento","status":"publish","type":"page","link":"https:\/\/www.upv.es\/congresos\/sinerca\/como-llegar-y-alojamiento\/","title":{"rendered":"C\u00f3mo llegar y Alojamiento"},"content":{"rendered":"\n<p>El congreso se realiza en el Campus d&#8217;Alcoi de la UPV. El <strong>evento<\/strong> transcurre en la <strong>2\u00aa planta del edif\u00edcio Ferr\u00e1ndiz<\/strong>, ubicado en la Plaza de Ferr\u00e1ndiz y Carbonell s\/n.<\/p>\n\n\n\n<div class=\"wp-block-group is-layout-grid wp-container-core-group-is-layout-9649a0d9 wp-block-group-is-layout-grid\">\n<figure class=\"wp-block-image size-large wp-container-content-5f80b302\"><img loading=\"lazy\" decoding=\"async\" width=\"1024\" height=\"683\" src=\"https:\/\/www.upv.es\/congresos\/sinerca\/wp-content\/uploads\/2025\/04\/ferrandiz-1024x683.jpg\" alt=\"\" class=\"wp-image-17688\" srcset=\"https:\/\/www.upv.es\/congresos\/sinerca\/wp-content\/uploads\/2025\/04\/ferrandiz-1024x683.jpg 1024w, https:\/\/www.upv.es\/congresos\/sinerca\/wp-content\/uploads\/2025\/04\/ferrandiz-300x200.jpg 300w, https:\/\/www.upv.es\/congresos\/sinerca\/wp-content\/uploads\/2025\/04\/ferrandiz-768x512.jpg 768w, https:\/\/www.upv.es\/congresos\/sinerca\/wp-content\/uploads\/2025\/04\/ferrandiz-980x654.jpg 980w, https:\/\/www.upv.es\/congresos\/sinerca\/wp-content\/uploads\/2025\/04\/ferrandiz.jpg 1080w\" sizes=\"auto, (max-width: 1024px) 100vw, 1024px\" \/><\/figure>\n\n\n\n<html>\n<head>\n<\/head>\n<body>\n<center>\n<iframe loading=\"lazy\" id=\"map-canvas\" class=\"map_part\" width=\"450\"  height=\"475\"  frameborder=\"0\" scrolling=\"no\" marginheight=\"0\" marginwidth=\"0\" src=\"https:\/\/maps.google.com\/maps?width=100%&amp;height=100%&amp;hl=en&amp;q=UPV alcoy&amp;t=&amp;z=14&amp;ie=UTF8&amp;iwloc=B&amp;output=embed\"><\/iframe>\n<\/center>\n<\/body>\n<\/html>\n<\/div>\n\n\n\n<p>Para facilitar la llegada y estancia en el Campus, todos los inscritos tendr\u00e1n derecho al uso del parking gratuito del Campus durante el congreso. El <strong>parking<\/strong> est\u00e1 situado en el <strong>edificio Georgina Blanes<\/strong> a 2 minutos a pie del edificio Ferr\u00e1ndiz.<\/p>\n\n\n\n<div class=\"wp-block-group is-layout-grid wp-container-core-group-is-layout-9649a0d9 wp-block-group-is-layout-grid\">\n<html>\n<head>\n<\/head>\n<body>\n<center>\n<iframe src=\"https:\/\/www.google.com\/maps\/embed?pb=!1m18!1m12!1m3!1d1557.0148039337994!2d-0.47861086485315807!3d38.69416415867214!2m3!1f0!2f0!3f0!3m2!1i1024!2i768!4f13.1!3m3!1m2!1s0xd6187b2cad96207%3A0x7cd3501aa77a7c07!2sUniversidad%20Polit%C3%A9cnica%20de%20Valencia%20-%20Campus%20de%20Alcoy!5e0!3m2!1ses!2ses!4v1743154440171!5m2!1ses!2ses\" width=\"400\" height=\"428\" style=\"border:0;\" allowfullscreen=\"\" loading=\"lazy\" referrerpolicy=\"no-referrer-when-downgrade\"><\/iframe>\n<\/center>\n<\/body>\n<\/html>\n\n\n\n<figure class=\"wp-block-image size-full wp-container-content-5f80b302\"><img loading=\"lazy\" decoding=\"async\" width=\"1292\" height=\"776\" src=\"https:\/\/www.upv.es\/congresos\/sinerca\/wp-content\/uploads\/2025\/04\/Parking-Georgina.jpg\" alt=\"\" class=\"wp-image-17811\" srcset=\"https:\/\/www.upv.es\/congresos\/sinerca\/wp-content\/uploads\/2025\/04\/Parking-Georgina.jpg 1292w, https:\/\/www.upv.es\/congresos\/sinerca\/wp-content\/uploads\/2025\/04\/Parking-Georgina-300x180.jpg 300w, https:\/\/www.upv.es\/congresos\/sinerca\/wp-content\/uploads\/2025\/04\/Parking-Georgina-1024x615.jpg 1024w, https:\/\/www.upv.es\/congresos\/sinerca\/wp-content\/uploads\/2025\/04\/Parking-Georgina-768x461.jpg 768w\" sizes=\"auto, (max-width: 1292px) 100vw, 1292px\" \/><\/figure>\n<\/div>\n\n\n\n<hr class=\"wp-block-separator has-alpha-channel-opacity\"\/>\n\n\n\n<p>Como sugerencias de Alojamiento, en la zona est\u00e1n los siguientes hoteles:<\/p>\n\n\n\n<div class=\"wp-block-group is-layout-grid wp-container-core-group-is-layout-9649a0d9 wp-block-group-is-layout-grid\">\n<figure class=\"wp-block-image size-full wp-container-content-e29552f7\"><img loading=\"lazy\" decoding=\"async\" width=\"1024\" height=\"683\" src=\"https:\/\/www.upv.es\/congresos\/sinerca\/wp-content\/uploads\/2025\/04\/Reconquista.jpg\" alt=\"\" class=\"wp-image-17711\" srcset=\"https:\/\/www.upv.es\/congresos\/sinerca\/wp-content\/uploads\/2025\/04\/Reconquista.jpg 1024w, https:\/\/www.upv.es\/congresos\/sinerca\/wp-content\/uploads\/2025\/04\/Reconquista-300x200.jpg 300w, https:\/\/www.upv.es\/congresos\/sinerca\/wp-content\/uploads\/2025\/04\/Reconquista-768x512.jpg 768w, https:\/\/www.upv.es\/congresos\/sinerca\/wp-content\/uploads\/2025\/04\/Reconquista-980x654.jpg 980w\" sizes=\"auto, (max-width: 1024px) 100vw, 1024px\" \/><\/figure>\n\n\n\n<figure class=\"wp-block-image size-full wp-container-content-e29552f7\"><img loading=\"lazy\" decoding=\"async\" width=\"1024\" height=\"683\" src=\"https:\/\/www.upv.es\/congresos\/sinerca\/wp-content\/uploads\/2025\/04\/Savoy-1.jpg\" alt=\"\" class=\"wp-image-17716\" srcset=\"https:\/\/www.upv.es\/congresos\/sinerca\/wp-content\/uploads\/2025\/04\/Savoy-1.jpg 1024w, https:\/\/www.upv.es\/congresos\/sinerca\/wp-content\/uploads\/2025\/04\/Savoy-1-300x200.jpg 300w, https:\/\/www.upv.es\/congresos\/sinerca\/wp-content\/uploads\/2025\/04\/Savoy-1-768x512.jpg 768w, https:\/\/www.upv.es\/congresos\/sinerca\/wp-content\/uploads\/2025\/04\/Savoy-1-980x654.jpg 980w\" sizes=\"auto, (max-width: 1024px) 100vw, 1024px\" \/><\/figure>\n\n\n\n<figure class=\"wp-block-image size-full wp-container-content-e29552f7\"><img loading=\"lazy\" decoding=\"async\" width=\"1920\" height=\"1280\" src=\"https:\/\/www.upv.es\/congresos\/sinerca\/wp-content\/uploads\/2025\/04\/Sercotel-1.webp\" alt=\"\" class=\"wp-image-17717\" srcset=\"https:\/\/www.upv.es\/congresos\/sinerca\/wp-content\/uploads\/2025\/04\/Sercotel-1.webp 1920w, https:\/\/www.upv.es\/congresos\/sinerca\/wp-content\/uploads\/2025\/04\/Sercotel-1-300x200.webp 300w, https:\/\/www.upv.es\/congresos\/sinerca\/wp-content\/uploads\/2025\/04\/Sercotel-1-1024x683.webp 1024w, https:\/\/www.upv.es\/congresos\/sinerca\/wp-content\/uploads\/2025\/04\/Sercotel-1-768x512.webp 768w, https:\/\/www.upv.es\/congresos\/sinerca\/wp-content\/uploads\/2025\/04\/Sercotel-1-1536x1024.webp 1536w, https:\/\/www.upv.es\/congresos\/sinerca\/wp-content\/uploads\/2025\/04\/Sercotel-1-980x654.webp 980w\" sizes=\"auto, (max-width: 1920px) 100vw, 1920px\" \/><\/figure>\n\n\n\n<ul class=\"wp-block-list wp-container-content-e29552f7\">\n<li><a href=\"https:\/\/hotelreconquista.es\/\" target=\"_blank\" rel=\"noreferrer noopener\">Hotel Reconquista<\/a> (1,1km)<\/li>\n\n\n\n<li><a href=\"https:\/\/www.hostalsavoy.com\/\">Hostal Savoy<\/a> (0,6km)<\/li>\n\n\n\n<li><a href=\"https:\/\/www.sercotelhoteles.com\/es\/hotel-ciutat-dalcoi\" target=\"_blank\" rel=\"noreferrer noopener\">Sercotel Ciutat d&#8217;Alcoi<\/a> (0,9km)<\/li>\n<\/ul>\n<\/div>\n\n\n\n<p><\/p>\n","protected":false},"excerpt":{"rendered":"<p>El congreso se realiza en el Campus d&#8217;Alcoi de la UPV. El evento transcurre en la 2\u00aa planta del edif\u00edcio Ferr\u00e1ndiz, ubicado en la Plaza de Ferr\u00e1ndiz y Carbonell s\/n. Para facilitar la llegada y estancia en el Campus, todos [&hellip;]<\/p>\n","protected":false},"author":51,"featured_media":0,"parent":0,"menu_order":24,"comment_status":"closed","ping_status":"closed","template":"","meta":{"footnotes":""},"wf_page_folders":[322],"class_list":["post-17671","page","type-page","status-publish","hentry","wf_page_folders-inscripcion"],"_links":{"self":[{"href":"https:\/\/www.upv.es\/congresos\/sinerca\/wp-json\/wp\/v2\/pages\/17671","targetHints":{"allow":["GET"]}}],"collection":[{"href":"https:\/\/www.upv.es\/congresos\/sinerca\/wp-json\/wp\/v2\/pages"}],"about":[{"href":"https:\/\/www.upv.es\/congresos\/sinerca\/wp-json\/wp\/v2\/types\/page"}],"author":[{"embeddable":true,"href":"https:\/\/www.upv.es\/congresos\/sinerca\/wp-json\/wp\/v2\/users\/51"}],"replies":[{"embeddable":true,"href":"https:\/\/www.upv.es\/congresos\/sinerca\/wp-json\/wp\/v2\/comments?post=17671"}],"version-history":[{"count":61,"href":"https:\/\/www.upv.es\/congresos\/sinerca\/wp-json\/wp\/v2\/pages\/17671\/revisions"}],"predecessor-version":[{"id":17889,"href":"https:\/\/www.upv.es\/congresos\/sinerca\/wp-json\/wp\/v2\/pages\/17671\/revisions\/17889"}],"wp:attachment":[{"href":"https:\/\/www.upv.es\/congresos\/sinerca\/wp-json\/wp\/v2\/media?parent=17671"}],"wp:term":[{"taxonomy":"wf_page_folders","embeddable":true,"href":"https:\/\/www.upv.es\/congresos\/sinerca\/wp-json\/wp\/v2\/wf_page_folders?post=17671"}],"curies":[{"name":"wp","href":"https:\/\/api.w.org\/{rel}","templated":true}]}}