{"id":17450,"date":"2024-12-20T11:31:29","date_gmt":"2024-12-20T11:31:29","guid":{"rendered":"https:\/\/www.upv.es\/congresos\/sinerca\/?page_id=17450"},"modified":"2026-03-07T11:26:52","modified_gmt":"2026-03-07T11:26:52","slug":"como-participar","status":"publish","type":"page","link":"https:\/\/www.upv.es\/congresos\/sinerca\/como-participar\/","title":{"rendered":"\u00bfC\u00f3mo participar?"},"content":{"rendered":"\n<p class=\"justificado\">El comit\u00e9 del \u00abCongreso I+D+i Campus de Alcoy&nbsp;Creando Sinergias\u00bb les invita a participar en esta decimotercera edici\u00f3n que tendr\u00e1 lugar los d\u00edas 2 y 3&nbsp;de julio en formato presencial y semipresencial. <\/p>\n\n\n\n<p class=\"justificado\">El congreso es multidisciplinar, de forma que son bienvenidas todas las investigaciones relacionadas con los estudios impartidos en el campus. Estas son: Bellas Artes, Cosm\u00e9tica y Nutrici\u00f3n, Dise\u00f1o Industrial, Docencia, Econom\u00eda y Organizaci\u00f3n de Empresas, Electricidad, Estad\u00edstica e Investigaci\u00f3n Operativa,&nbsp;F\u00edsica,&nbsp;Inform\u00e1tica,&nbsp;Ingenier\u00eda Qu\u00edmica y Nuclear,&nbsp;Inteligencia artificial, Matem\u00e1ticas,&nbsp;Materiales,&nbsp;Mec\u00e1nica,&nbsp;Medicina, Rob\u00f3tica, Sostenibilidad y&nbsp;Medio Ambiente,&nbsp;Textil y Otros.<\/p>\n\n\n\n<p class=\"justificado\">A continuaci\u00f3n, se indican los cuatro pasos que deben realizarse para poder presentar sus propuestas:<\/p>\n\n\n\n<hr class=\"wp-block-separator has-alpha-channel-opacity\"\/>\n\n\n<h2 class=\"wp-block-heading\" style=\"color: #e4554f;\">PASO 1. <strong>INSCRIPCI\u00d3N<\/strong><\/h2>\n\n\n<p>La inscripci\u00f3n debe realizarse a trav\u00e9s de la plataforma web de la universidad: <strong><a href=\"https:\/\/poseidon.cfp.upv.es\/portal-formacion\/alumno\/gestion_matricula.jsp?cid=103860&amp;idioma=es&amp;hash=9e499819c71e934b9e49964c9e5cc71ec715c31b931fdd5c9e4a9e4a9e4a9b4e9846&amp;\" data-type=\"link\" data-id=\"https:\/\/poseidon.cfp.upv.es\/portal-formacion\/alumno\/gestion_matricula.jsp?cid=100306&amp;idioma=es&amp;hash=9a4f9719c71e934b9e4a9d4a985cc71ec715c31b931fdd5c9e4a9e4a9e4a9f429f36&amp;\">INSCRIPCI\u00d3N Y PAGO<\/a><\/strong><\/p>\n\n\n\n<p>Si tiene dudas, puede consultar las siguientes <a href=\"https:\/\/www.upv.es\/congresos\/sinerca\/wp-content\/uploads\/2025\/01\/Inscripcion_cfp_2022.pdf\" data-type=\"link\" data-id=\"https:\/\/www.upv.es\/congresos\/sinerca\/wp-content\/uploads\/2025\/01\/Inscripcion_cfp_2022.pdf\"><strong>INSTRUCCIONES<\/strong><\/a><strong> <\/strong>sobre c\u00f3mo proceder.<\/p>\n\n\n\n<hr class=\"wp-block-separator has-alpha-channel-opacity\"\/>\n\n\n<h2 class=\"wp-block-heading\" style=\"color: #e4554f;\">PASO 2. <strong>REGISTRO EN EL CONGRESO<\/strong><\/h2>\n\n\n<p class=\"justificado\">Es necesario rellenar este <a href=\"https:\/\/docs.google.com\/forms\/d\/e\/1FAIpQLScQSWXw6RsIoRrSwSNXkT_U3q5byd-SIpZPFdK6BPLDLQ6kcQ\/viewform?usp=publish-editor\" data-type=\"link\" data-id=\"https:\/\/docs.google.com\/forms\/d\/e\/1FAIpQLScQSWXw6RsIoRrSwSNXkT_U3q5byd-SIpZPFdK6BPLDLQ6kcQ\/viewform?usp=publish-editor\"><strong>FORMULARIO<\/strong><\/a> con los datos referentes a la comunicaci\u00f3n que se va a presentar.<\/p>\n\n\n\n<p class=\"justificado\">Tras enviar el formulario, recibir\u00e1 en pocos d\u00edas un <strong>correo electr\u00f3nico<\/strong> con un <strong>enlace <\/strong>a la <strong>carpeta <\/strong>compartida en <strong>OneDrive<\/strong>, donde <strong>deber\u00e1 enviar los archivos de la comunicaci\u00f3n<\/strong>.<\/p>\n\n\n\n<hr class=\"wp-block-separator has-alpha-channel-opacity\"\/>\n\n\n<h2 class=\"wp-block-heading\" style=\"color: #e4554f;\">PASO 3. <strong>REALIZACI\u00d3N DEL TRABAJO<\/strong><\/h2>\n\n\n<h4 class=\"wp-block-heading\">PRESENTACI\u00d3N<\/h4>\n\n\n\n<p class=\"justificado\">Los trabajos se pueden presentar en formato <strong>Oral <\/strong>o <strong>P\u00f3ster<\/strong>, y deber\u00e1n incluir el <strong><a href=\"\/congresos\/sinerca\/wp-content\/uploads\/2025\/01\/logo_congres.png\" data-type=\"link\" data-id=\"\/congresos\/sinerca\/wp-content\/uploads\/2025\/01\/logo_congres.png\">LOGO<\/a><\/strong> del congreso. Cada inscripci\u00f3n da derecho a la defensa de un<strong> <\/strong>\u00fanico trabajo.<\/p>\n\n\n\n<ul class=\"wp-block-list\">\n<li><strong>Presentaci\u00f3n comunicaci\u00f3n&nbsp;oral:<\/strong>&nbsp;Se organizar\u00e1n sesiones presenciales por tem\u00e1ticas en las salas del campus, con opci\u00f3n de seguimiento tambi\u00e9n a trav\u00e9s de Microsoft Teams. Cada presentaci\u00f3n tendr\u00e1 una duraci\u00f3n de 10 minutos y contar\u00e1 con 5 minutos adicionales para preguntas.<\/li>\n\n\n\n<li><strong>Presentaci\u00f3n formato p\u00f3ster: <\/strong>Se deber\u00e1 entregar un poster en tama\u00f1o A1 que incluya el logo del congreso.<\/li>\n<\/ul>\n\n\n\n<h4 class=\"wp-block-heading\">VERSI\u00d3N ESCRITA DEL TRABAJO<\/h4>\n\n\n\n<p class=\"justificado\">Todos los autores que presenten su trabajo (oral o p\u00f3ster) y deseen que se incluya en el libro de actas deber\u00e1n redactar un documento de <strong>6 p\u00e1ginas<\/strong>, siguiendo el estilo de esta <strong><a href=\"https:\/\/www.upv.es\/congresos\/sinerca\/wp-content\/uploads\/2025\/03\/PlantillaCreandoSinergias-2025.docx\" data-type=\"link\" data-id=\"https:\/\/www.upv.es\/congresos\/sinerca\/wp-content\/uploads\/2025\/03\/PlantillaCreandoSinergias-2025.docx\">PLANTILLA<\/a>.<\/strong><\/p>\n\n\n\n<p class=\"justificado\"><strong>Citas bibliogr\u00e1ficas<\/strong><\/p>\n\n\n\n<p class=\"justificado\"><em>EndNote<\/em>: En este <a href=\"https:\/\/www.upv.es\/congresos\/sinerca\/wp-content\/uploads\/2025\/06\/CreandoSinerg.zip\">enlace<\/a>&nbsp;se puede descargar el estilo EndNote del congreso con el formato correcto para las referencias bibliogr\u00e1ficas. Al tratarse de un fichero no reconocido por el sistema operativo, para poder bajarlo&nbsp;se debe pulsar sobre el enlace con el bot\u00f3n derecho y seleccionar la opci\u00f3n \u00abGuardar enlace como&#8230;\u00bb. Este&nbsp;<a href=\"\/congresos\/sinerca\/wp-content\/uploads\/2025\/01\/Estilo_EndNote_CreandoSinergias.mp4\" data-type=\"page\" data-id=\"17519\">v\u00eddeo<\/a>&nbsp;explica detalladamente como realizar todo el proceso.&nbsp;<\/p>\n\n\n\n<p class=\"justificado\"><em>Mendeley<\/em>: En este otro&nbsp;<a href=\"https:\/\/csl.mendeley.com\/styles\/2003581\/CCS21v2\">enlace<\/a>&nbsp;se puede descargar el estilo para el gestor de referencias&nbsp;Mendeley. Este&nbsp;<a href=\"https:\/\/www.youtube.com\/watch?v=eMUd04aLHtI&amp;ab_channel=B%C3%A0rbaraMic%C3%B3\">v\u00eddeo<\/a>&nbsp;explica c\u00f3mo incorporar las referencias siguiendo el estilo propuesto.&nbsp;&nbsp;<\/p>\n\n\n\n<hr class=\"wp-block-separator has-alpha-channel-opacity\"\/>\n\n\n<h2 class=\"wp-block-heading\" style=\"color: #e4554f;\">PASO 4. <strong>ENV\u00cdO DE LAS COMUNICACIONES<\/strong><\/h2>\n\n\n<p class=\"justificado\">El env\u00edo de las comunicaciones escritas debe realizarse en formato editable (Word) a trav\u00e9s del enlace a la carpeta de OneDrive. Cada congresista recibe por correo electr\u00f3nico dicho enlace al completar el registro en el paso 2.<\/p>\n\n\n\n<p>La fecha l\u00edmite de entrega de la comunicaci\u00f3n es el&nbsp;<strong>25&nbsp;de mayo de 2026<\/strong>.<\/p>\n","protected":false},"excerpt":{"rendered":"<p>El comit\u00e9 del \u00abCongreso I+D+i Campus de Alcoy&nbsp;Creando Sinergias\u00bb les invita a participar en esta decimotercera edici\u00f3n que tendr\u00e1 lugar los d\u00edas 2 y 3&nbsp;de julio en formato presencial y semipresencial. El congreso es multidisciplinar, de forma que son bienvenidas [&hellip;]<\/p>\n","protected":false},"author":52,"featured_media":0,"parent":0,"menu_order":20,"comment_status":"closed","ping_status":"closed","template":"","meta":{"footnotes":""},"wf_page_folders":[322],"class_list":["post-17450","page","type-page","status-publish","hentry","wf_page_folders-inscripcion"],"_links":{"self":[{"href":"https:\/\/www.upv.es\/congresos\/sinerca\/wp-json\/wp\/v2\/pages\/17450","targetHints":{"allow":["GET"]}}],"collection":[{"href":"https:\/\/www.upv.es\/congresos\/sinerca\/wp-json\/wp\/v2\/pages"}],"about":[{"href":"https:\/\/www.upv.es\/congresos\/sinerca\/wp-json\/wp\/v2\/types\/page"}],"author":[{"embeddable":true,"href":"https:\/\/www.upv.es\/congresos\/sinerca\/wp-json\/wp\/v2\/users\/52"}],"replies":[{"embeddable":true,"href":"https:\/\/www.upv.es\/congresos\/sinerca\/wp-json\/wp\/v2\/comments?post=17450"}],"version-history":[{"count":52,"href":"https:\/\/www.upv.es\/congresos\/sinerca\/wp-json\/wp\/v2\/pages\/17450\/revisions"}],"predecessor-version":[{"id":18223,"href":"https:\/\/www.upv.es\/congresos\/sinerca\/wp-json\/wp\/v2\/pages\/17450\/revisions\/18223"}],"wp:attachment":[{"href":"https:\/\/www.upv.es\/congresos\/sinerca\/wp-json\/wp\/v2\/media?parent=17450"}],"wp:term":[{"taxonomy":"wf_page_folders","embeddable":true,"href":"https:\/\/www.upv.es\/congresos\/sinerca\/wp-json\/wp\/v2\/wf_page_folders?post=17450"}],"curies":[{"name":"wp","href":"https:\/\/api.w.org\/{rel}","templated":true}]}}